{"id":1392,"date":"2024-01-08T14:12:04","date_gmt":"2024-01-08T14:12:04","guid":{"rendered":"https:\/\/admission4free.com\/?page_id=1392"},"modified":"2024-01-08T14:12:10","modified_gmt":"2024-01-08T14:12:10","slug":"%d8%a7%d9%84%d8%ac%d8%a7%d9%85%d8%b9%d8%a7%d8%aa-%d9%81%d9%8a-%d8%a7%d9%84%d9%85%d9%85%d9%84%d9%83%d8%a9-%d8%a7%d9%84%d9%85%d8%aa%d8%ad%d8%af%d8%a9","status":"publish","type":"page","link":"https:\/\/admission4free.com\/ar\/%d8%a7%d9%84%d8%ac%d8%a7%d9%85%d8%b9%d8%a7%d8%aa-%d9%81%d9%8a-%d8%a7%d9%84%d9%85%d9%85%d9%84%d9%83%d8%a9-%d8%a7%d9%84%d9%85%d8%aa%d8%ad%d8%af%d8%a9\/","title":{"rendered":"\u0627\u0644\u062c\u0627\u0645\u0639\u0627\u062a \u0641\u064a \u0627\u0644\u0645\u0645\u0644\u0643\u0629 \u0627\u0644\u0645\u062a\u062d\u062f\u0629"},"content":{"rendered":"\n<div class=\"university-container\"><div class=\"row\"><div class=\"university-card col-lg-3 col-md-4 col-sm-6 col-12\"><a href=\"https:\/\/admission4free.com\/ar\/universities\/%d8%ac%d8%a7%d9%85%d8%b9%d8%a9-%d9%8a%d8%af%d9%8a-%d8%aa%d8%a8%d9%87\/\"><img decoding=\"async\" src=\"https:\/\/admission4free.com\/wp-content\/uploads\/2023\/05\/Yeditepe-University-150x150.png\" alt=\"\u062c\u0627\u0645\u0639\u0629 \u064a\u062f\u064a \u062a\u0628\u0647\"><\/a><h4><a href=\"https:\/\/admission4free.com\/ar\/universities\/%d8%ac%d8%a7%d9%85%d8%b9%d8%a9-%d9%8a%d8%af%d9%8a-%d8%aa%d8%a8%d9%87\/\">\u062c\u0627\u0645\u0639\u0629 \u064a\u062f\u064a \u062a\u0628\u0647<\/a><\/h4><\/div><\/div><\/div>\n\n\n\n<p><\/p>\n","protected":false},"excerpt":{"rendered":"<p>\u0639\u0646\u0648\u0627\u0646 \u0130n\u00f6n\u00fc Mah, Kay\u0131\u015fda\u011f\u0131 Cd. 326A, 34755 Ata\u015fehir\/Maltepe\/\u0130stanbul \u0645\u0648\u0642\u0639 \u0625\u0644\u0643\u062a\u0631\u0648\u0646\u064a http:\/\/www.yeditepe.edu.tr\/en \u0645\u0648\u0642\u0639 \u0627\u0633\u0637\u0646\u0628\u0648\u0644 \/ \u0627\u0644\u062c\u0627\u0646\u0628<span class=\"excerpt-hellip\"> [\u2026]<\/span><\/p>\n","protected":false},"author":1,"featured_media":0,"parent":0,"menu_order":0,"comment_status":"closed","ping_status":"closed","template":"","meta":{"footnotes":""},"class_list":["post-1392","page","type-page","status-publish","hentry"],"yoast_head":"<!-- This site is optimized with the Yoast SEO Premium plugin v20.2.1 (Yoast SEO v26.7) - https:\/\/yoast.com\/wordpress\/plugins\/seo\/ -->\n<title>\u0627\u0644\u062c\u0627\u0645\u0639\u0627\u062a \u0641\u064a \u0627\u0644\u0645\u0645\u0644\u0643\u0629 \u0627\u0644\u0645\u062a\u062d\u062f\u0629 - Admission4free<\/title>\n<meta name=\"robots\" content=\"index, follow, max-snippet:-1, max-image-preview:large, max-video-preview:-1\" \/>\n<link rel=\"canonical\" href=\"https:\/\/admission4free.com\/ar\/%d8%a7%d9%84%d8%ac%d8%a7%d9%85%d8%b9%d8%a7%d8%aa-%d9%81%d9%8a-%d8%a7%d9%84%d9%85%d9%85%d9%84%d9%83%d8%a9-%d8%a7%d9%84%d9%85%d8%aa%d8%ad%d8%af%d8%a9\/\" \/>\n<meta property=\"og:locale\" content=\"ar_AR\" \/>\n<meta property=\"og:type\" content=\"article\" \/>\n<meta property=\"og:title\" content=\"\u0627\u0644\u062c\u0627\u0645\u0639\u0627\u062a \u0641\u064a \u0627\u0644\u0645\u0645\u0644\u0643\u0629 \u0627\u0644\u0645\u062a\u062d\u062f\u0629\" \/>\n<meta property=\"og:description\" content=\"\u0639\u0646\u0648\u0627\u0646 \u0130n\u00f6n\u00fc Mah, Kay\u0131\u015fda\u011f\u0131 Cd. 326A, 34755 Ata\u015fehir\/Maltepe\/\u0130stanbul \u0645\u0648\u0642\u0639 \u0625\u0644\u0643\u062a\u0631\u0648\u0646\u064a http:\/\/www.yeditepe.edu.tr\/en \u0645\u0648\u0642\u0639 \u0627\u0633\u0637\u0646\u0628\u0648\u0644 \/ \u0627\u0644\u062c\u0627\u0646\u0628 [\u2026]\" \/>\n<meta property=\"og:url\" content=\"https:\/\/admission4free.com\/ar\/%d8%a7%d9%84%d8%ac%d8%a7%d9%85%d8%b9%d8%a7%d8%aa-%d9%81%d9%8a-%d8%a7%d9%84%d9%85%d9%85%d9%84%d9%83%d8%a9-%d8%a7%d9%84%d9%85%d8%aa%d8%ad%d8%af%d8%a9\/\" \/>\n<meta property=\"og:site_name\" content=\"Admission4free\" \/>\n<meta property=\"article:modified_time\" content=\"2024-01-08T14:12:10+00:00\" \/>\n<meta name=\"twitter:card\" content=\"summary_large_image\" \/>\n<meta name=\"twitter:label1\" content=\"\u0648\u0642\u062a \u0627\u0644\u0642\u0631\u0627\u0621\u0629 \u0627\u0644\u0645\u064f\u0642\u062f\u0651\u0631\" \/>\n\t<meta name=\"twitter:data1\" content=\"1 \u062f\u0642\u064a\u0642\u0629\" \/>\n<script type=\"application\/ld+json\" class=\"yoast-schema-graph\">{\"@context\":\"https:\/\/schema.org\",\"@graph\":[{\"@type\":\"WebPage\",\"@id\":\"https:\/\/admission4free.com\/ar\/%d8%a7%d9%84%d8%ac%d8%a7%d9%85%d8%b9%d8%a7%d8%aa-%d9%81%d9%8a-%d8%a7%d9%84%d9%85%d9%85%d9%84%d9%83%d8%a9-%d8%a7%d9%84%d9%85%d8%aa%d8%ad%d8%af%d8%a9\/\",\"url\":\"https:\/\/admission4free.com\/ar\/%d8%a7%d9%84%d8%ac%d8%a7%d9%85%d8%b9%d8%a7%d8%aa-%d9%81%d9%8a-%d8%a7%d9%84%d9%85%d9%85%d9%84%d9%83%d8%a9-%d8%a7%d9%84%d9%85%d8%aa%d8%ad%d8%af%d8%a9\/\",\"name\":\"\u0627\u0644\u062c\u0627\u0645\u0639\u0627\u062a \u0641\u064a \u0627\u0644\u0645\u0645\u0644\u0643\u0629 \u0627\u0644\u0645\u062a\u062d\u062f\u0629 - Admission4free\",\"isPartOf\":{\"@id\":\"https:\/\/admission4free.com\/ar\/#website\"},\"datePublished\":\"2024-01-08T14:12:04+00:00\",\"dateModified\":\"2024-01-08T14:12:10+00:00\",\"breadcrumb\":{\"@id\":\"https:\/\/admission4free.com\/ar\/%d8%a7%d9%84%d8%ac%d8%a7%d9%85%d8%b9%d8%a7%d8%aa-%d9%81%d9%8a-%d8%a7%d9%84%d9%85%d9%85%d9%84%d9%83%d8%a9-%d8%a7%d9%84%d9%85%d8%aa%d8%ad%d8%af%d8%a9\/#breadcrumb\"},\"inLanguage\":\"ar\",\"potentialAction\":[{\"@type\":\"ReadAction\",\"target\":[\"https:\/\/admission4free.com\/ar\/%d8%a7%d9%84%d8%ac%d8%a7%d9%85%d8%b9%d8%a7%d8%aa-%d9%81%d9%8a-%d8%a7%d9%84%d9%85%d9%85%d9%84%d9%83%d8%a9-%d8%a7%d9%84%d9%85%d8%aa%d8%ad%d8%af%d8%a9\/\"]}]},{\"@type\":\"BreadcrumbList\",\"@id\":\"https:\/\/admission4free.com\/ar\/%d8%a7%d9%84%d8%ac%d8%a7%d9%85%d8%b9%d8%a7%d8%aa-%d9%81%d9%8a-%d8%a7%d9%84%d9%85%d9%85%d9%84%d9%83%d8%a9-%d8%a7%d9%84%d9%85%d8%aa%d8%ad%d8%af%d8%a9\/#breadcrumb\",\"itemListElement\":[{\"@type\":\"ListItem\",\"position\":1,\"name\":\"Home\",\"item\":\"https:\/\/admission4free.com\/ar\/\"},{\"@type\":\"ListItem\",\"position\":2,\"name\":\"\u0627\u0644\u062c\u0627\u0645\u0639\u0627\u062a \u0641\u064a \u0627\u0644\u0645\u0645\u0644\u0643\u0629 \u0627\u0644\u0645\u062a\u062d\u062f\u0629\"}]},{\"@type\":\"WebSite\",\"@id\":\"https:\/\/admission4free.com\/ar\/#website\",\"url\":\"https:\/\/admission4free.com\/ar\/\",\"name\":\"Admission4free\",\"description\":\"\",\"publisher\":{\"@id\":\"https:\/\/admission4free.com\/ar\/#organization\"},\"potentialAction\":[{\"@type\":\"SearchAction\",\"target\":{\"@type\":\"EntryPoint\",\"urlTemplate\":\"https:\/\/admission4free.com\/ar\/?s={search_term_string}\"},\"query-input\":{\"@type\":\"PropertyValueSpecification\",\"valueRequired\":true,\"valueName\":\"search_term_string\"}}],\"inLanguage\":\"ar\"},{\"@type\":\"Organization\",\"@id\":\"https:\/\/admission4free.com\/ar\/#organization\",\"name\":\"Admission4free\",\"url\":\"https:\/\/admission4free.com\/ar\/\",\"logo\":{\"@type\":\"ImageObject\",\"inLanguage\":\"ar\",\"@id\":\"https:\/\/admission4free.com\/ar\/#\/schema\/logo\/image\/\",\"url\":\"https:\/\/admission4free.com\/wp-content\/uploads\/2023\/05\/cropped-ABC-ADMISSION-1-1.png\",\"contentUrl\":\"https:\/\/admission4free.com\/wp-content\/uploads\/2023\/05\/cropped-ABC-ADMISSION-1-1.png\",\"width\":567,\"height\":99,\"caption\":\"Admission4free\"},\"image\":{\"@id\":\"https:\/\/admission4free.com\/ar\/#\/schema\/logo\/image\/\"}}]}<\/script>\n<!-- \/ Yoast SEO Premium plugin. -->","yoast_head_json":{"title":"\u0627\u0644\u062c\u0627\u0645\u0639\u0627\u062a \u0641\u064a \u0627\u0644\u0645\u0645\u0644\u0643\u0629 \u0627\u0644\u0645\u062a\u062d\u062f\u0629 - Admission4free","robots":{"index":"index","follow":"follow","max-snippet":"max-snippet:-1","max-image-preview":"max-image-preview:large","max-video-preview":"max-video-preview:-1"},"canonical":"https:\/\/admission4free.com\/ar\/%d8%a7%d9%84%d8%ac%d8%a7%d9%85%d8%b9%d8%a7%d8%aa-%d9%81%d9%8a-%d8%a7%d9%84%d9%85%d9%85%d9%84%d9%83%d8%a9-%d8%a7%d9%84%d9%85%d8%aa%d8%ad%d8%af%d8%a9\/","og_locale":"ar_AR","og_type":"article","og_title":"\u0627\u0644\u062c\u0627\u0645\u0639\u0627\u062a \u0641\u064a \u0627\u0644\u0645\u0645\u0644\u0643\u0629 \u0627\u0644\u0645\u062a\u062d\u062f\u0629","og_description":"\u0639\u0646\u0648\u0627\u0646 \u0130n\u00f6n\u00fc Mah, Kay\u0131\u015fda\u011f\u0131 Cd. 326A, 34755 Ata\u015fehir\/Maltepe\/\u0130stanbul \u0645\u0648\u0642\u0639 \u0625\u0644\u0643\u062a\u0631\u0648\u0646\u064a http:\/\/www.yeditepe.edu.tr\/en \u0645\u0648\u0642\u0639 \u0627\u0633\u0637\u0646\u0628\u0648\u0644 \/ \u0627\u0644\u062c\u0627\u0646\u0628 [\u2026]","og_url":"https:\/\/admission4free.com\/ar\/%d8%a7%d9%84%d8%ac%d8%a7%d9%85%d8%b9%d8%a7%d8%aa-%d9%81%d9%8a-%d8%a7%d9%84%d9%85%d9%85%d9%84%d9%83%d8%a9-%d8%a7%d9%84%d9%85%d8%aa%d8%ad%d8%af%d8%a9\/","og_site_name":"Admission4free","article_modified_time":"2024-01-08T14:12:10+00:00","twitter_card":"summary_large_image","twitter_misc":{"\u0648\u0642\u062a \u0627\u0644\u0642\u0631\u0627\u0621\u0629 \u0627\u0644\u0645\u064f\u0642\u062f\u0651\u0631":"1 \u062f\u0642\u064a\u0642\u0629"},"schema":{"@context":"https:\/\/schema.org","@graph":[{"@type":"WebPage","@id":"https:\/\/admission4free.com\/ar\/%d8%a7%d9%84%d8%ac%d8%a7%d9%85%d8%b9%d8%a7%d8%aa-%d9%81%d9%8a-%d8%a7%d9%84%d9%85%d9%85%d9%84%d9%83%d8%a9-%d8%a7%d9%84%d9%85%d8%aa%d8%ad%d8%af%d8%a9\/","url":"https:\/\/admission4free.com\/ar\/%d8%a7%d9%84%d8%ac%d8%a7%d9%85%d8%b9%d8%a7%d8%aa-%d9%81%d9%8a-%d8%a7%d9%84%d9%85%d9%85%d9%84%d9%83%d8%a9-%d8%a7%d9%84%d9%85%d8%aa%d8%ad%d8%af%d8%a9\/","name":"\u0627\u0644\u062c\u0627\u0645\u0639\u0627\u062a \u0641\u064a \u0627\u0644\u0645\u0645\u0644\u0643\u0629 \u0627\u0644\u0645\u062a\u062d\u062f\u0629 - Admission4free","isPartOf":{"@id":"https:\/\/admission4free.com\/ar\/#website"},"datePublished":"2024-01-08T14:12:04+00:00","dateModified":"2024-01-08T14:12:10+00:00","breadcrumb":{"@id":"https:\/\/admission4free.com\/ar\/%d8%a7%d9%84%d8%ac%d8%a7%d9%85%d8%b9%d8%a7%d8%aa-%d9%81%d9%8a-%d8%a7%d9%84%d9%85%d9%85%d9%84%d9%83%d8%a9-%d8%a7%d9%84%d9%85%d8%aa%d8%ad%d8%af%d8%a9\/#breadcrumb"},"inLanguage":"ar","potentialAction":[{"@type":"ReadAction","target":["https:\/\/admission4free.com\/ar\/%d8%a7%d9%84%d8%ac%d8%a7%d9%85%d8%b9%d8%a7%d8%aa-%d9%81%d9%8a-%d8%a7%d9%84%d9%85%d9%85%d9%84%d9%83%d8%a9-%d8%a7%d9%84%d9%85%d8%aa%d8%ad%d8%af%d8%a9\/"]}]},{"@type":"BreadcrumbList","@id":"https:\/\/admission4free.com\/ar\/%d8%a7%d9%84%d8%ac%d8%a7%d9%85%d8%b9%d8%a7%d8%aa-%d9%81%d9%8a-%d8%a7%d9%84%d9%85%d9%85%d9%84%d9%83%d8%a9-%d8%a7%d9%84%d9%85%d8%aa%d8%ad%d8%af%d8%a9\/#breadcrumb","itemListElement":[{"@type":"ListItem","position":1,"name":"Home","item":"https:\/\/admission4free.com\/ar\/"},{"@type":"ListItem","position":2,"name":"\u0627\u0644\u062c\u0627\u0645\u0639\u0627\u062a \u0641\u064a \u0627\u0644\u0645\u0645\u0644\u0643\u0629 \u0627\u0644\u0645\u062a\u062d\u062f\u0629"}]},{"@type":"WebSite","@id":"https:\/\/admission4free.com\/ar\/#website","url":"https:\/\/admission4free.com\/ar\/","name":"Admission4free","description":"","publisher":{"@id":"https:\/\/admission4free.com\/ar\/#organization"},"potentialAction":[{"@type":"SearchAction","target":{"@type":"EntryPoint","urlTemplate":"https:\/\/admission4free.com\/ar\/?s={search_term_string}"},"query-input":{"@type":"PropertyValueSpecification","valueRequired":true,"valueName":"search_term_string"}}],"inLanguage":"ar"},{"@type":"Organization","@id":"https:\/\/admission4free.com\/ar\/#organization","name":"Admission4free","url":"https:\/\/admission4free.com\/ar\/","logo":{"@type":"ImageObject","inLanguage":"ar","@id":"https:\/\/admission4free.com\/ar\/#\/schema\/logo\/image\/","url":"https:\/\/admission4free.com\/wp-content\/uploads\/2023\/05\/cropped-ABC-ADMISSION-1-1.png","contentUrl":"https:\/\/admission4free.com\/wp-content\/uploads\/2023\/05\/cropped-ABC-ADMISSION-1-1.png","width":567,"height":99,"caption":"Admission4free"},"image":{"@id":"https:\/\/admission4free.com\/ar\/#\/schema\/logo\/image\/"}}]}},"_links":{"self":[{"href":"https:\/\/admission4free.com\/ar\/wp-json\/wp\/v2\/pages\/1392","targetHints":{"allow":["GET"]}}],"collection":[{"href":"https:\/\/admission4free.com\/ar\/wp-json\/wp\/v2\/pages"}],"about":[{"href":"https:\/\/admission4free.com\/ar\/wp-json\/wp\/v2\/types\/page"}],"author":[{"embeddable":true,"href":"https:\/\/admission4free.com\/ar\/wp-json\/wp\/v2\/users\/1"}],"replies":[{"embeddable":true,"href":"https:\/\/admission4free.com\/ar\/wp-json\/wp\/v2\/comments?post=1392"}],"version-history":[{"count":2,"href":"https:\/\/admission4free.com\/ar\/wp-json\/wp\/v2\/pages\/1392\/revisions"}],"predecessor-version":[{"id":1394,"href":"https:\/\/admission4free.com\/ar\/wp-json\/wp\/v2\/pages\/1392\/revisions\/1394"}],"wp:attachment":[{"href":"https:\/\/admission4free.com\/ar\/wp-json\/wp\/v2\/media?parent=1392"}],"curies":[{"name":"wp","href":"https:\/\/api.w.org\/{rel}","templated":true}]}}